{"id":1398,"date":"2018-10-31T08:23:11","date_gmt":"2018-10-31T01:23:11","guid":{"rendered":"https:\/\/rangdonghotel.com.vn\/en\/?page_id=1398"},"modified":"2025-03-10T00:43:11","modified_gmt":"2025-03-09T17:43:11","slug":"rang-dong-restaurant","status":"publish","type":"page","link":"https:\/\/rangdonghotel.com.vn\/en\/rang-dong-restaurant\/","title":{"rendered":"Restaurant"},"content":{"rendered":"<div class=\"slider-wrapper relative\" id=\"slider-917842868\" >\n    <div class=\"slider slider-nav-circle slider-nav-large slider-nav-light slider-style-normal slider-show-nav\"\n        data-flickity-options='{\n            \"cellAlign\": \"center\",\n            \"imagesLoaded\": true,\n            \"lazyLoad\": 1,\n            \"freeScroll\": false,\n            \"wrapAround\": true,\n            \"autoPlay\": 3000,\n            \"pauseAutoPlayOnHover\" : true,\n            \"prevNextButtons\": true,\n            \"contain\" : true,\n            \"adaptiveHeight\" : true,\n            \"dragThreshold\" : 10,\n            \"percentPosition\": true,\n            \"pageDots\": false,\n            \"rightToLeft\": false,\n            \"draggable\": true,\n            \"selectedAttraction\": 0.1,\n            \"parallax\" : 0,\n            \"friction\": 0.6        }'\n        >\n        \n\t<div class=\"img has-hover x md-x lg-x y md-y lg-y\" id=\"image_790979766\">\n\t\t\t\t\t\t\t\t<div class=\"img-inner image-cover dark\" style=\"padding-top:44%;\">\n\t\t\t<img loading=\"lazy\" decoding=\"async\" width=\"1276\" height=\"956\" src=\"https:\/\/rangdonghotel.com.vn\/wp-content\/uploads\/2018\/07\/z5248809759352_7cd653d7714bce43fdc708f161eaf946.jpg\" class=\"attachment-original size-original\" alt=\"\" srcset=\"https:\/\/rangdonghotel.com.vn\/wp-content\/uploads\/2018\/07\/z5248809759352_7cd653d7714bce43fdc708f161eaf946.jpg 1276w, https:\/\/rangdonghotel.com.vn\/wp-content\/uploads\/2018\/07\/z5248809759352_7cd653d7714bce43fdc708f161eaf946-768x575.jpg 768w\" sizes=\"auto, (max-width: 1276px) 100vw, 1276px\" \/>\t\t\t\t\t\t\n\t\t\t\t\t<\/div>\n\t\t\t\t\t\t\t\t\n<style>\n#image_790979766 {\n  width: 100%;\n}\n<\/style>\n\t<\/div>\n\t\n\t<div class=\"img has-hover x md-x lg-x y md-y lg-y\" id=\"image_1513150456\">\n\t\t\t\t\t\t\t\t<div class=\"img-inner image-cover dark\" style=\"padding-top:44%;\">\n\t\t\t<img loading=\"lazy\" decoding=\"async\" width=\"1040\" height=\"780\" src=\"https:\/\/rangdonghotel.com.vn\/wp-content\/uploads\/2019\/07\/1564809472414_9739719.jpg\" class=\"attachment-original size-original\" alt=\"\" \/>\t\t\t\t\t\t\n\t\t\t\t\t<\/div>\n\t\t\t\t\t\t\t\t\n<style>\n#image_1513150456 {\n  width: 100%;\n}\n<\/style>\n\t<\/div>\n\t\n\t<div class=\"img has-hover x md-x lg-x y md-y lg-y\" id=\"image_1670386755\">\n\t\t\t\t\t\t\t\t<div class=\"img-inner image-cover dark\" style=\"padding-top:44%;\">\n\t\t\t<img loading=\"lazy\" decoding=\"async\" width=\"2560\" height=\"1920\" src=\"https:\/\/rangdonghotel.com.vn\/wp-content\/uploads\/2024\/04\/z5143226758398_55a4f705b7b9955710c5f154b17633cd.jpg\" class=\"attachment-original size-original\" alt=\"\" srcset=\"https:\/\/rangdonghotel.com.vn\/wp-content\/uploads\/2024\/04\/z5143226758398_55a4f705b7b9955710c5f154b17633cd.jpg 2560w, https:\/\/rangdonghotel.com.vn\/wp-content\/uploads\/2024\/04\/z5143226758398_55a4f705b7b9955710c5f154b17633cd-768x576.jpg 768w, https:\/\/rangdonghotel.com.vn\/wp-content\/uploads\/2024\/04\/z5143226758398_55a4f705b7b9955710c5f154b17633cd-1536x1152.jpg 1536w, https:\/\/rangdonghotel.com.vn\/wp-content\/uploads\/2024\/04\/z5143226758398_55a4f705b7b9955710c5f154b17633cd-2048x1536.jpg 2048w\" sizes=\"auto, (max-width: 2560px) 100vw, 2560px\" \/>\t\t\t\t\t\t\n\t\t\t\t\t<\/div>\n\t\t\t\t\t\t\t\t\n<style>\n#image_1670386755 {\n  width: 100%;\n}\n<\/style>\n\t<\/div>\n\t\n\t<div class=\"img has-hover x md-x lg-x y md-y lg-y\" id=\"image_38113430\">\n\t\t\t\t\t\t\t\t<div class=\"img-inner image-cover dark\" style=\"padding-top:44%;\">\n\t\t\t<img loading=\"lazy\" decoding=\"async\" width=\"2048\" height=\"1536\" src=\"https:\/\/rangdonghotel.com.vn\/wp-content\/uploads\/2024\/04\/SANH-A-DV-12.jpg\" class=\"attachment-original size-original\" alt=\"\" srcset=\"https:\/\/rangdonghotel.com.vn\/wp-content\/uploads\/2024\/04\/SANH-A-DV-12.jpg 2048w, https:\/\/rangdonghotel.com.vn\/wp-content\/uploads\/2024\/04\/SANH-A-DV-12-768x576.jpg 768w, https:\/\/rangdonghotel.com.vn\/wp-content\/uploads\/2024\/04\/SANH-A-DV-12-1536x1152.jpg 1536w\" sizes=\"auto, (max-width: 2048px) 100vw, 2048px\" \/>\t\t\t\t\t\t\n\t\t\t\t\t<\/div>\n\t\t\t\t\t\t\t\t\n<style>\n#image_38113430 {\n  width: 100%;\n}\n<\/style>\n\t<\/div>\n\t\n\t<div class=\"img has-hover x md-x lg-x y md-y lg-y\" id=\"image_2049779912\">\n\t\t\t\t\t\t\t\t<div class=\"img-inner image-cover dark\" style=\"padding-top:44%;\">\n\t\t\t<img loading=\"lazy\" decoding=\"async\" width=\"1276\" height=\"956\" src=\"https:\/\/rangdonghotel.com.vn\/wp-content\/uploads\/2018\/07\/z5248809759352_7cd653d7714bce43fdc708f161eaf946.jpg\" class=\"attachment-original size-original\" alt=\"\" srcset=\"https:\/\/rangdonghotel.com.vn\/wp-content\/uploads\/2018\/07\/z5248809759352_7cd653d7714bce43fdc708f161eaf946.jpg 1276w, https:\/\/rangdonghotel.com.vn\/wp-content\/uploads\/2018\/07\/z5248809759352_7cd653d7714bce43fdc708f161eaf946-768x575.jpg 768w\" sizes=\"auto, (max-width: 1276px) 100vw, 1276px\" \/>\t\t\t\t\t\t\n\t\t\t\t\t<\/div>\n\t\t\t\t\t\t\t\t\n<style>\n#image_2049779912 {\n  width: 100%;\n}\n<\/style>\n\t<\/div>\n\t\n\t<div class=\"img has-hover x md-x lg-x y md-y lg-y\" id=\"image_21554146\">\n\t\t\t\t\t\t\t\t<div class=\"img-inner image-cover dark\" style=\"padding-top:44%;\">\n\t\t\t<img loading=\"lazy\" decoding=\"async\" width=\"2560\" height=\"1708\" src=\"https:\/\/rangdonghotel.com.vn\/wp-content\/uploads\/2024\/04\/HINH-ANH-24.jpg\" class=\"attachment-original size-original\" alt=\"\" \/>\t\t\t\t\t\t\n\t\t\t\t\t<\/div>\n\t\t\t\t\t\t\t\t\n<style>\n#image_21554146 {\n  width: 100%;\n}\n<\/style>\n\t<\/div>\n\t\n     <\/div>\n\n     <div class=\"loading-spin dark large centered\"><\/div>\n\n\t<\/div>\n\n\n\t<section class=\"section\" id=\"section_903735105\">\n\t\t<div class=\"bg section-bg fill bg-fill bg-loaded bg-loaded\" >\n\n\t\t\t\n\t\t\t\n\t\t\t\n\n\t\t<\/div>\n\n\t\t\n\n\t\t<div class=\"section-content relative\">\n\t\t\t\n\n  \n    <div class=\"row home-restaurants large-columns-4 medium-columns-2 small-columns-1 row-collapse row-full-width\" >\n  <div class=\"col post-item\" >\n\t\t\t<div class=\"col-inner\">\n\t\t\t\t<div class=\"box box-overlay dark box-text-middle box-blog-post has-hover\">\n            \t\t\t\t\t<div class=\"box-image\" >\n  \t\t\t\t\t\t<div class=\"image-cover\" style=\"padding-top:144%;\">\n\t\t\t\t\t\t\t<a href=\"https:\/\/rangdonghotel.com.vn\/en\/buffet-breakfast\/\" class=\"plain\" aria-label=\"Buffet Breakfast\">\n\t\t\t\t\t\t\t\t<img loading=\"lazy\" decoding=\"async\" width=\"377\" height=\"600\" src=\"https:\/\/rangdonghotel.com.vn\/wp-content\/uploads\/2018\/06\/Bufet.jpg\" class=\"attachment-medium_large size-medium_large wp-post-image\" alt=\"\" \/>\t\t\t\t\t\t\t<\/a>\n  \t\t\t\t\t\t\t<div class=\"overlay\" style=\"background-color: rgba(0, 0, 0, 0.17)\"><\/div>  \t\t\t\t\t\t\t  \t\t\t\t\t\t<\/div>\n  \t\t\t\t\t\t  \t\t\t\t\t<\/div>\n          \t\t\t\t\t<div class=\"box-text text-center is-xlarge\" >\n\t\t\t\t\t<div class=\"box-text-inner blog-post-inner\">\n\n\t\t\t\t\t\n\t\t\t\t\t\t\t\t\t\t<h5 class=\"post-title is-large uppercase\">\n\t\t\t\t\t\t<a href=\"https:\/\/rangdonghotel.com.vn\/en\/buffet-breakfast\/\" class=\"plain\">Buffet Breakfast<\/a>\n\t\t\t\t\t<\/h5>\n\t\t\t\t\t\t\t\t\t\t<div class=\"is-divider\"><\/div>\n\t\t\t\t\t\t\t\t\t\t<p class=\"from_the_blog_excerpt show-on-hover hover-reveal\">\n\t\t\t\t\t\tBreakfast buffet at Rang Dong Hotel in warm and romantic time, you will enjoy dishes prepared...\t\t\t\t\t<\/p>\n\t\t\t\t\t                    \n\t\t\t\t\t\n\t\t\t\t\t\n\t\t\t\t\t<\/div>\n\t\t\t\t\t<\/div>\n\t\t\t\t\t\t\t\t\t<\/div>\n\t\t\t<\/div>\n\t\t<\/div><div class=\"col post-item\" >\n\t\t\t<div class=\"col-inner\">\n\t\t\t\t<div class=\"box box-overlay dark box-text-middle box-blog-post has-hover\">\n            \t\t\t\t\t<div class=\"box-image\" >\n  \t\t\t\t\t\t<div class=\"image-cover\" style=\"padding-top:144%;\">\n\t\t\t\t\t\t\t<a href=\"https:\/\/rangdonghotel.com.vn\/en\/wedding-event\/\" class=\"plain\" aria-label=\"Wedding &#038; Event\">\n\t\t\t\t\t\t\t\t<img loading=\"lazy\" decoding=\"async\" width=\"500\" height=\"755\" src=\"https:\/\/rangdonghotel.com.vn\/wp-content\/uploads\/2018\/07\/HINH-ANH-18-sua-3.jpg\" class=\"attachment-medium_large size-medium_large wp-post-image\" alt=\"\" \/>\t\t\t\t\t\t\t<\/a>\n  \t\t\t\t\t\t\t<div class=\"overlay\" style=\"background-color: rgba(0, 0, 0, 0.17)\"><\/div>  \t\t\t\t\t\t\t  \t\t\t\t\t\t<\/div>\n  \t\t\t\t\t\t  \t\t\t\t\t<\/div>\n          \t\t\t\t\t<div class=\"box-text text-center is-xlarge\" >\n\t\t\t\t\t<div class=\"box-text-inner blog-post-inner\">\n\n\t\t\t\t\t\n\t\t\t\t\t\t\t\t\t\t<h5 class=\"post-title is-large uppercase\">\n\t\t\t\t\t\t<a href=\"https:\/\/rangdonghotel.com.vn\/en\/wedding-event\/\" class=\"plain\">Wedding &#038; Event<\/a>\n\t\t\t\t\t<\/h5>\n\t\t\t\t\t\t\t\t\t\t<div class=\"is-divider\"><\/div>\n\t\t\t\t\t\t\t\t\t\t<p class=\"from_the_blog_excerpt show-on-hover hover-reveal\">\n\t\t\t\t\t\tLocated at 83 Cach Mang Thang Tam, Ben Thanh Ward, District 1, Ho Chi Minh City....\t\t\t\t\t<\/p>\n\t\t\t\t\t                    \n\t\t\t\t\t\n\t\t\t\t\t\n\t\t\t\t\t<\/div>\n\t\t\t\t\t<\/div>\n\t\t\t\t\t\t\t\t\t<\/div>\n\t\t\t<\/div>\n\t\t<\/div><div class=\"col post-item\" >\n\t\t\t<div class=\"col-inner\">\n\t\t\t\t<div class=\"box box-overlay dark box-text-middle box-blog-post has-hover\">\n            \t\t\t\t\t<div class=\"box-image\" >\n  \t\t\t\t\t\t<div class=\"image-cover\" style=\"padding-top:144%;\">\n\t\t\t\t\t\t\t<a href=\"https:\/\/rangdonghotel.com.vn\/en\/alacarte\/\" class=\"plain\" aria-label=\"Alacarte\">\n\t\t\t\t\t\t\t\t<img loading=\"lazy\" decoding=\"async\" width=\"500\" height=\"755\" src=\"https:\/\/rangdonghotel.com.vn\/wp-content\/uploads\/2018\/07\/HINH-ANH-jpg.jpg\" class=\"attachment-medium_large size-medium_large wp-post-image\" alt=\"\" \/>\t\t\t\t\t\t\t<\/a>\n  \t\t\t\t\t\t\t<div class=\"overlay\" style=\"background-color: rgba(0, 0, 0, 0.17)\"><\/div>  \t\t\t\t\t\t\t  \t\t\t\t\t\t<\/div>\n  \t\t\t\t\t\t  \t\t\t\t\t<\/div>\n          \t\t\t\t\t<div class=\"box-text text-center is-xlarge\" >\n\t\t\t\t\t<div class=\"box-text-inner blog-post-inner\">\n\n\t\t\t\t\t\n\t\t\t\t\t\t\t\t\t\t<h5 class=\"post-title is-large uppercase\">\n\t\t\t\t\t\t<a href=\"https:\/\/rangdonghotel.com.vn\/en\/alacarte\/\" class=\"plain\">Alacarte<\/a>\n\t\t\t\t\t<\/h5>\n\t\t\t\t\t\t\t\t\t\t<div class=\"is-divider\"><\/div>\n\t\t\t\t\t\t\t\t\t\t<p class=\"from_the_blog_excerpt show-on-hover hover-reveal\">\n\t\t\t\t\t\tRang Dong Restaurant is the place for organizing, serving banquets, banquets, weddings and buffets, ready to...\t\t\t\t\t<\/p>\n\t\t\t\t\t                    \n\t\t\t\t\t\n\t\t\t\t\t\n\t\t\t\t\t<\/div>\n\t\t\t\t\t<\/div>\n\t\t\t\t\t\t\t\t\t<\/div>\n\t\t\t<\/div>\n\t\t<\/div><div class=\"col post-item\" >\n\t\t\t<div class=\"col-inner\">\n\t\t\t\t<div class=\"box box-overlay dark box-text-middle box-blog-post has-hover\">\n            \t\t\t\t\t<div class=\"box-image\" >\n  \t\t\t\t\t\t<div class=\"image-cover\" style=\"padding-top:144%;\">\n\t\t\t\t\t\t\t<a href=\"https:\/\/rangdonghotel.com.vn\/en\/steampot\/\" class=\"plain\" aria-label=\"Steampot\">\n\t\t\t\t\t\t\t\t<img loading=\"lazy\" decoding=\"async\" width=\"377\" height=\"600\" src=\"https:\/\/rangdonghotel.com.vn\/wp-content\/uploads\/2018\/09\/Lau-hoi.jpg\" class=\"attachment-medium_large size-medium_large wp-post-image\" alt=\"\" \/>\t\t\t\t\t\t\t<\/a>\n  \t\t\t\t\t\t\t<div class=\"overlay\" style=\"background-color: rgba(0, 0, 0, 0.17)\"><\/div>  \t\t\t\t\t\t\t  \t\t\t\t\t\t<\/div>\n  \t\t\t\t\t\t  \t\t\t\t\t<\/div>\n          \t\t\t\t\t<div class=\"box-text text-center is-xlarge\" >\n\t\t\t\t\t<div class=\"box-text-inner blog-post-inner\">\n\n\t\t\t\t\t\n\t\t\t\t\t\t\t\t\t\t<h5 class=\"post-title is-large uppercase\">\n\t\t\t\t\t\t<a href=\"https:\/\/rangdonghotel.com.vn\/en\/steampot\/\" class=\"plain\">Steampot<\/a>\n\t\t\t\t\t<\/h5>\n\t\t\t\t\t\t\t\t\t\t<div class=\"is-divider\"><\/div>\n\t\t\t\t\t\t\t\t\t\t<p class=\"from_the_blog_excerpt show-on-hover hover-reveal\">\n\t\t\t\t\t\tSteampot\u00a0&#8211; A new culinary trend has appeared in Saigon With the Steampot model, instead of you...\t\t\t\t\t<\/p>\n\t\t\t\t\t                    \n\t\t\t\t\t\n\t\t\t\t\t\n\t\t\t\t\t<\/div>\n\t\t\t\t\t<\/div>\n\t\t\t\t\t\t\t\t\t<\/div>\n\t\t\t<\/div>\n\t\t<\/div><\/div>\n\t\t<\/div>\n\n\t\t\n<style>\n#section_903735105 {\n  padding-top: 60px;\n  padding-bottom: 60px;\n}\n<\/style>\n\t<\/section>\n\t\n","protected":false},"excerpt":{"rendered":"","protected":false},"author":3,"featured_media":0,"parent":0,"menu_order":0,"comment_status":"closed","ping_status":"closed","template":"page-blank.php","meta":{"footnotes":""},"class_list":["post-1398","page","type-page","status-publish","hentry"],"yoast_head":"<!-- This site is optimized with the Yoast SEO plugin v26.0 - https:\/\/yoast.com\/wordpress\/plugins\/seo\/ -->\n<title>Restaurant | Kh\u00e1ch s\u1ea1n R\u1ea1ng \u0110\u00f4ng<\/title>\n<meta name=\"robots\" content=\"index, follow, max-snippet:-1, max-image-preview:large, max-video-preview:-1\" \/>\n<link rel=\"canonical\" href=\"https:\/\/rangdonghotel.com.vn\/en\/rang-dong-restaurant\/\" \/>\n<meta property=\"og:locale\" content=\"en_US\" \/>\n<meta property=\"og:type\" content=\"article\" \/>\n<meta property=\"og:title\" content=\"Restaurant | Kh\u00e1ch s\u1ea1n R\u1ea1ng \u0110\u00f4ng\" \/>\n<meta property=\"og:url\" content=\"https:\/\/rangdonghotel.com.vn\/en\/rang-dong-restaurant\/\" \/>\n<meta property=\"og:site_name\" content=\"Kh\u00e1ch s\u1ea1n R\u1ea1ng \u0110\u00f4ng\" \/>\n<meta property=\"article:modified_time\" content=\"2025-03-09T17:43:11+00:00\" \/>\n<meta name=\"twitter:card\" content=\"summary_large_image\" \/>\n<meta name=\"twitter:label1\" content=\"Est. reading time\" \/>\n\t<meta name=\"twitter:data1\" content=\"1 minute\" \/>\n<script type=\"application\/ld+json\" class=\"yoast-schema-graph\">{\"@context\":\"https:\/\/schema.org\",\"@graph\":[{\"@type\":\"WebPage\",\"@id\":\"https:\/\/rangdonghotel.com.vn\/en\/rang-dong-restaurant\/\",\"url\":\"https:\/\/rangdonghotel.com.vn\/en\/rang-dong-restaurant\/\",\"name\":\"Restaurant | Kh\u00e1ch s\u1ea1n R\u1ea1ng \u0110\u00f4ng\",\"isPartOf\":{\"@id\":\"https:\/\/rangdonghotel.com.vn\/#website\"},\"datePublished\":\"2018-10-31T01:23:11+00:00\",\"dateModified\":\"2025-03-09T17:43:11+00:00\",\"breadcrumb\":{\"@id\":\"https:\/\/rangdonghotel.com.vn\/en\/rang-dong-restaurant\/#breadcrumb\"},\"inLanguage\":\"en-US\",\"potentialAction\":[{\"@type\":\"ReadAction\",\"target\":[\"https:\/\/rangdonghotel.com.vn\/en\/rang-dong-restaurant\/\"]}]},{\"@type\":\"BreadcrumbList\",\"@id\":\"https:\/\/rangdonghotel.com.vn\/en\/rang-dong-restaurant\/#breadcrumb\",\"itemListElement\":[{\"@type\":\"ListItem\",\"position\":1,\"name\":\"Trang ch\u1ee7\",\"item\":\"https:\/\/rangdonghotel.com.vn\/en\/\"},{\"@type\":\"ListItem\",\"position\":2,\"name\":\"Restaurant\"}]},{\"@type\":\"WebSite\",\"@id\":\"https:\/\/rangdonghotel.com.vn\/#website\",\"url\":\"https:\/\/rangdonghotel.com.vn\/\",\"name\":\"Kh\u00e1ch s\u1ea1n R\u1ea1ng \u0110\u00f4ng\",\"description\":\"Kh\u00e1ch s\u1ea1n 3 sao t\u1ea1i Qu\u1eadn 1 - TP.HCM\",\"publisher\":{\"@id\":\"https:\/\/rangdonghotel.com.vn\/#organization\"},\"potentialAction\":[{\"@type\":\"SearchAction\",\"target\":{\"@type\":\"EntryPoint\",\"urlTemplate\":\"https:\/\/rangdonghotel.com.vn\/?s={search_term_string}\"},\"query-input\":{\"@type\":\"PropertyValueSpecification\",\"valueRequired\":true,\"valueName\":\"search_term_string\"}}],\"inLanguage\":\"en-US\"},{\"@type\":\"Organization\",\"@id\":\"https:\/\/rangdonghotel.com.vn\/#organization\",\"name\":\"Kh\u00e1ch s\u1ea1n R\u1ea1ng \u0110\u00f4ng\",\"url\":\"https:\/\/rangdonghotel.com.vn\/\",\"logo\":{\"@type\":\"ImageObject\",\"inLanguage\":\"en-US\",\"@id\":\"https:\/\/rangdonghotel.com.vn\/#\/schema\/logo\/image\/\",\"url\":\"\",\"contentUrl\":\"\",\"caption\":\"Kh\u00e1ch s\u1ea1n R\u1ea1ng \u0110\u00f4ng\"},\"image\":{\"@id\":\"https:\/\/rangdonghotel.com.vn\/#\/schema\/logo\/image\/\"}}]}<\/script>\n<!-- \/ Yoast SEO plugin. -->","yoast_head_json":{"title":"Restaurant | Kh\u00e1ch s\u1ea1n R\u1ea1ng \u0110\u00f4ng","robots":{"index":"index","follow":"follow","max-snippet":"max-snippet:-1","max-image-preview":"max-image-preview:large","max-video-preview":"max-video-preview:-1"},"canonical":"https:\/\/rangdonghotel.com.vn\/en\/rang-dong-restaurant\/","og_locale":"en_US","og_type":"article","og_title":"Restaurant | Kh\u00e1ch s\u1ea1n R\u1ea1ng \u0110\u00f4ng","og_url":"https:\/\/rangdonghotel.com.vn\/en\/rang-dong-restaurant\/","og_site_name":"Kh\u00e1ch s\u1ea1n R\u1ea1ng \u0110\u00f4ng","article_modified_time":"2025-03-09T17:43:11+00:00","twitter_card":"summary_large_image","twitter_misc":{"Est. reading time":"1 minute"},"schema":{"@context":"https:\/\/schema.org","@graph":[{"@type":"WebPage","@id":"https:\/\/rangdonghotel.com.vn\/en\/rang-dong-restaurant\/","url":"https:\/\/rangdonghotel.com.vn\/en\/rang-dong-restaurant\/","name":"Restaurant | Kh\u00e1ch s\u1ea1n R\u1ea1ng \u0110\u00f4ng","isPartOf":{"@id":"https:\/\/rangdonghotel.com.vn\/#website"},"datePublished":"2018-10-31T01:23:11+00:00","dateModified":"2025-03-09T17:43:11+00:00","breadcrumb":{"@id":"https:\/\/rangdonghotel.com.vn\/en\/rang-dong-restaurant\/#breadcrumb"},"inLanguage":"en-US","potentialAction":[{"@type":"ReadAction","target":["https:\/\/rangdonghotel.com.vn\/en\/rang-dong-restaurant\/"]}]},{"@type":"BreadcrumbList","@id":"https:\/\/rangdonghotel.com.vn\/en\/rang-dong-restaurant\/#breadcrumb","itemListElement":[{"@type":"ListItem","position":1,"name":"Trang ch\u1ee7","item":"https:\/\/rangdonghotel.com.vn\/en\/"},{"@type":"ListItem","position":2,"name":"Restaurant"}]},{"@type":"WebSite","@id":"https:\/\/rangdonghotel.com.vn\/#website","url":"https:\/\/rangdonghotel.com.vn\/","name":"Kh\u00e1ch s\u1ea1n R\u1ea1ng \u0110\u00f4ng","description":"Kh\u00e1ch s\u1ea1n 3 sao t\u1ea1i Qu\u1eadn 1 - TP.HCM","publisher":{"@id":"https:\/\/rangdonghotel.com.vn\/#organization"},"potentialAction":[{"@type":"SearchAction","target":{"@type":"EntryPoint","urlTemplate":"https:\/\/rangdonghotel.com.vn\/?s={search_term_string}"},"query-input":{"@type":"PropertyValueSpecification","valueRequired":true,"valueName":"search_term_string"}}],"inLanguage":"en-US"},{"@type":"Organization","@id":"https:\/\/rangdonghotel.com.vn\/#organization","name":"Kh\u00e1ch s\u1ea1n R\u1ea1ng \u0110\u00f4ng","url":"https:\/\/rangdonghotel.com.vn\/","logo":{"@type":"ImageObject","inLanguage":"en-US","@id":"https:\/\/rangdonghotel.com.vn\/#\/schema\/logo\/image\/","url":"","contentUrl":"","caption":"Kh\u00e1ch s\u1ea1n R\u1ea1ng \u0110\u00f4ng"},"image":{"@id":"https:\/\/rangdonghotel.com.vn\/#\/schema\/logo\/image\/"}}]}},"_links":{"self":[{"href":"https:\/\/rangdonghotel.com.vn\/en\/wp-json\/wp\/v2\/pages\/1398","targetHints":{"allow":["GET"]}}],"collection":[{"href":"https:\/\/rangdonghotel.com.vn\/en\/wp-json\/wp\/v2\/pages"}],"about":[{"href":"https:\/\/rangdonghotel.com.vn\/en\/wp-json\/wp\/v2\/types\/page"}],"author":[{"embeddable":true,"href":"https:\/\/rangdonghotel.com.vn\/en\/wp-json\/wp\/v2\/users\/3"}],"replies":[{"embeddable":true,"href":"https:\/\/rangdonghotel.com.vn\/en\/wp-json\/wp\/v2\/comments?post=1398"}],"version-history":[{"count":5,"href":"https:\/\/rangdonghotel.com.vn\/en\/wp-json\/wp\/v2\/pages\/1398\/revisions"}],"predecessor-version":[{"id":6014,"href":"https:\/\/rangdonghotel.com.vn\/en\/wp-json\/wp\/v2\/pages\/1398\/revisions\/6014"}],"wp:attachment":[{"href":"https:\/\/rangdonghotel.com.vn\/en\/wp-json\/wp\/v2\/media?parent=1398"}],"curies":[{"name":"wp","href":"https:\/\/api.w.org\/{rel}","templated":true}]}}