{"id":707,"date":"2016-10-30T23:16:53","date_gmt":"2016-10-30T16:16:53","guid":{"rendered":"https:\/\/rangdonghotel.com.vn\/en\/?page_id=707"},"modified":"2025-03-10T00:50:11","modified_gmt":"2025-03-09T17:50:11","slug":"restroom","status":"publish","type":"page","link":"https:\/\/rangdonghotel.com.vn\/en\/restroom\/","title":{"rendered":"Restroom"},"content":{"rendered":"\t<div id=\"text-2034666839\" class=\"text\">\n\t\t\n<p>International Hotel 3 star standard, with 76 well-appointed bedrooms, tastefully furnished, spacious interior creates a warm atmosphere, relaxing for you. Friendly staff enthusiasm. Arrival wish you will be relaxed with the way our services. Sincere thanks.<\/p>\n\t\t\n<style>\n#text-2034666839 {\n  text-align: center;\n}\n<\/style>\n\t<\/div>\n\t\n\n  \n    <div class=\"row room-style-2 large-columns-3 medium-columns- small-columns-1\" >\n        <div class=\"col post-item hb_accommodation\" >\r\n        <div class=\"col-inner\">\r\n          <div class=\"box box-label box-text-bottom box-blog-post has-hover\">\r\n                          <div class=\"box-image\" >\r\n                <div class=\"image-overlay-remove image-cover\" style=\"padding-top:144%;\">\r\n                <a href=\"https:\/\/rangdonghotel.com.vn\/en\/room\/superior-double-room\/\" class=\"plain\" aria-label=\"SUPERIOR DOUBLE ROOM\">\r\n                  <img loading=\"lazy\" decoding=\"async\" width=\"1489\" height=\"1000\" src=\"https:\/\/rangdonghotel.com.vn\/wp-content\/uploads\/2018\/06\/3.jpg\" class=\"attachment-medium size-medium wp-post-image\" alt=\"\" \/>                <\/a>\r\n                  <div class=\"overlay\" style=\"background-color: rgba(255, 255, 255, 0.477)\"><\/div>                                  <\/div>\r\n                              <\/div>\r\n                        <div class=\"box-text text-left is-large\" >\r\n            <div class=\"box-text-inner blog-post-inner\">\r\n\r\n            \r\n                        <h5 class=\"post-title is-large \">\r\n              <a href=\"https:\/\/rangdonghotel.com.vn\/en\/room\/superior-double-room\/\" class=\"plain\">SUPERIOR DOUBLE ROOM<\/a>\r\n            <\/h5>\r\n                        <div class=\"is-divider\"><\/div>\r\n                        <p class=\"from_the_blog_excerpt show-on-hover hover-reveal\">\r\n              With modern design, area of 26 m2, airy window overlooking the building, Superior room for...            <\/p>\r\n                                  \r\n            \r\n            \r\n            <\/div>\r\n            <\/div>\r\n                      <\/div>\r\n        <\/div>\r\n      <\/div>\r\n        <div class=\"col post-item hb_accommodation\" >\r\n        <div class=\"col-inner\">\r\n          <div class=\"box box-label box-text-bottom box-blog-post has-hover\">\r\n                          <div class=\"box-image\" >\r\n                <div class=\"image-overlay-remove image-cover\" style=\"padding-top:144%;\">\r\n                <a href=\"https:\/\/rangdonghotel.com.vn\/en\/room\/superior-twin-room\/\" class=\"plain\" aria-label=\"SUPERIOR TWIN ROOM\">\r\n                  <img loading=\"lazy\" decoding=\"async\" width=\"1500\" height=\"1000\" src=\"https:\/\/rangdonghotel.com.vn\/wp-content\/uploads\/2018\/06\/21.jpg\" class=\"attachment-medium size-medium wp-post-image\" alt=\"\" \/>                <\/a>\r\n                  <div class=\"overlay\" style=\"background-color: rgba(255, 255, 255, 0.477)\"><\/div>                                  <\/div>\r\n                              <\/div>\r\n                        <div class=\"box-text text-left is-large\" >\r\n            <div class=\"box-text-inner blog-post-inner\">\r\n\r\n            \r\n                        <h5 class=\"post-title is-large \">\r\n              <a href=\"https:\/\/rangdonghotel.com.vn\/en\/room\/superior-twin-room\/\" class=\"plain\">SUPERIOR TWIN ROOM<\/a>\r\n            <\/h5>\r\n                        <div class=\"is-divider\"><\/div>\r\n                        <p class=\"from_the_blog_excerpt show-on-hover hover-reveal\">\r\n              With modern design, 26 m2, airy windows overlooking the building, Superior Twin room for you...            <\/p>\r\n                                  \r\n            \r\n            \r\n            <\/div>\r\n            <\/div>\r\n                      <\/div>\r\n        <\/div>\r\n      <\/div>\r\n        <div class=\"col post-item hb_accommodation\" >\r\n        <div class=\"col-inner\">\r\n          <div class=\"box box-label box-text-bottom box-blog-post has-hover\">\r\n                          <div class=\"box-image\" >\r\n                <div class=\"image-overlay-remove image-cover\" style=\"padding-top:144%;\">\r\n                <a href=\"https:\/\/rangdonghotel.com.vn\/en\/room\/deluxe-room\/\" class=\"plain\" aria-label=\"DELUXE ROOM\">\r\n                  <img loading=\"lazy\" decoding=\"async\" width=\"2560\" height=\"1649\" src=\"https:\/\/rangdonghotel.com.vn\/wp-content\/uploads\/2020\/02\/9.jpg\" class=\"attachment-medium size-medium wp-post-image\" alt=\"\" \/>                <\/a>\r\n                  <div class=\"overlay\" style=\"background-color: rgba(255, 255, 255, 0.477)\"><\/div>                                  <\/div>\r\n                              <\/div>\r\n                        <div class=\"box-text text-left is-large\" >\r\n            <div class=\"box-text-inner blog-post-inner\">\r\n\r\n            \r\n                        <h5 class=\"post-title is-large \">\r\n              <a href=\"https:\/\/rangdonghotel.com.vn\/en\/room\/deluxe-room\/\" class=\"plain\">DELUXE ROOM<\/a>\r\n            <\/h5>\r\n                        <div class=\"is-divider\"><\/div>\r\n                        <p class=\"from_the_blog_excerpt show-on-hover hover-reveal\">\r\n              Double room, facing the front of Tao Dan Park, equipped with modern facilities, unique you...            <\/p>\r\n                                  \r\n            \r\n            \r\n            <\/div>\r\n            <\/div>\r\n                      <\/div>\r\n        <\/div>\r\n      <\/div>\r\n        <div class=\"col post-item hb_accommodation\" >\r\n        <div class=\"col-inner\">\r\n          <div class=\"box box-label box-text-bottom box-blog-post has-hover\">\r\n                          <div class=\"box-image\" >\r\n                <div class=\"image-overlay-remove image-cover\" style=\"padding-top:144%;\">\r\n                <a href=\"https:\/\/rangdonghotel.com.vn\/en\/room\/suite-room\/\" class=\"plain\" aria-label=\"SUITE ROOM\">\r\n                  <img loading=\"lazy\" decoding=\"async\" width=\"1500\" height=\"1000\" src=\"https:\/\/rangdonghotel.com.vn\/wp-content\/uploads\/2018\/08\/phong-suite-8735.jpg\" class=\"attachment-medium size-medium wp-post-image\" alt=\"\" \/>                <\/a>\r\n                  <div class=\"overlay\" style=\"background-color: rgba(255, 255, 255, 0.477)\"><\/div>                                  <\/div>\r\n                              <\/div>\r\n                        <div class=\"box-text text-left is-large\" >\r\n            <div class=\"box-text-inner blog-post-inner\">\r\n\r\n            \r\n                        <h5 class=\"post-title is-large \">\r\n              <a href=\"https:\/\/rangdonghotel.com.vn\/en\/room\/suite-room\/\" class=\"plain\">SUITE ROOM<\/a>\r\n            <\/h5>\r\n                        <div class=\"is-divider\"><\/div>\r\n                        <p class=\"from_the_blog_excerpt show-on-hover hover-reveal\">\r\n              Premium Suite is a 3 star VIP hotel with 60 m2 luxuriously designed, facing the...            <\/p>\r\n                                  \r\n            \r\n            \r\n            <\/div>\r\n            <\/div>\r\n                      <\/div>\r\n        <\/div>\r\n      <\/div>\r\n  <\/div>\n","protected":false},"excerpt":{"rendered":"","protected":false},"author":1,"featured_media":0,"parent":0,"menu_order":0,"comment_status":"closed","ping_status":"open","template":"","meta":{"footnotes":""},"class_list":["post-707","page","type-page","status-publish","hentry"],"yoast_head":"<!-- This site is optimized with the Yoast SEO plugin v26.0 - https:\/\/yoast.com\/wordpress\/plugins\/seo\/ -->\n<title>Restroom | Kh\u00e1ch s\u1ea1n R\u1ea1ng \u0110\u00f4ng<\/title>\n<meta name=\"robots\" content=\"index, follow, max-snippet:-1, max-image-preview:large, max-video-preview:-1\" \/>\n<link rel=\"canonical\" href=\"https:\/\/rangdonghotel.com.vn\/en\/restroom\/\" \/>\n<meta property=\"og:locale\" content=\"en_US\" \/>\n<meta property=\"og:type\" content=\"article\" \/>\n<meta property=\"og:title\" content=\"Restroom | Kh\u00e1ch s\u1ea1n R\u1ea1ng \u0110\u00f4ng\" \/>\n<meta property=\"og:url\" content=\"https:\/\/rangdonghotel.com.vn\/en\/restroom\/\" \/>\n<meta property=\"og:site_name\" content=\"Kh\u00e1ch s\u1ea1n R\u1ea1ng \u0110\u00f4ng\" \/>\n<meta property=\"article:modified_time\" content=\"2025-03-09T17:50:11+00:00\" \/>\n<meta name=\"twitter:card\" content=\"summary_large_image\" \/>\n<script type=\"application\/ld+json\" class=\"yoast-schema-graph\">{\"@context\":\"https:\/\/schema.org\",\"@graph\":[{\"@type\":\"WebPage\",\"@id\":\"https:\/\/rangdonghotel.com.vn\/en\/restroom\/\",\"url\":\"https:\/\/rangdonghotel.com.vn\/en\/restroom\/\",\"name\":\"Restroom | Kh\u00e1ch s\u1ea1n R\u1ea1ng \u0110\u00f4ng\",\"isPartOf\":{\"@id\":\"https:\/\/rangdonghotel.com.vn\/#website\"},\"datePublished\":\"2016-10-30T16:16:53+00:00\",\"dateModified\":\"2025-03-09T17:50:11+00:00\",\"breadcrumb\":{\"@id\":\"https:\/\/rangdonghotel.com.vn\/en\/restroom\/#breadcrumb\"},\"inLanguage\":\"en-US\",\"potentialAction\":[{\"@type\":\"ReadAction\",\"target\":[\"https:\/\/rangdonghotel.com.vn\/en\/restroom\/\"]}]},{\"@type\":\"BreadcrumbList\",\"@id\":\"https:\/\/rangdonghotel.com.vn\/en\/restroom\/#breadcrumb\",\"itemListElement\":[{\"@type\":\"ListItem\",\"position\":1,\"name\":\"Trang ch\u1ee7\",\"item\":\"https:\/\/rangdonghotel.com.vn\/en\/\"},{\"@type\":\"ListItem\",\"position\":2,\"name\":\"Restroom\"}]},{\"@type\":\"WebSite\",\"@id\":\"https:\/\/rangdonghotel.com.vn\/#website\",\"url\":\"https:\/\/rangdonghotel.com.vn\/\",\"name\":\"Kh\u00e1ch s\u1ea1n R\u1ea1ng \u0110\u00f4ng\",\"description\":\"Kh\u00e1ch s\u1ea1n 3 sao t\u1ea1i Qu\u1eadn 1 - TP.HCM\",\"publisher\":{\"@id\":\"https:\/\/rangdonghotel.com.vn\/#organization\"},\"potentialAction\":[{\"@type\":\"SearchAction\",\"target\":{\"@type\":\"EntryPoint\",\"urlTemplate\":\"https:\/\/rangdonghotel.com.vn\/?s={search_term_string}\"},\"query-input\":{\"@type\":\"PropertyValueSpecification\",\"valueRequired\":true,\"valueName\":\"search_term_string\"}}],\"inLanguage\":\"en-US\"},{\"@type\":\"Organization\",\"@id\":\"https:\/\/rangdonghotel.com.vn\/#organization\",\"name\":\"Kh\u00e1ch s\u1ea1n R\u1ea1ng \u0110\u00f4ng\",\"url\":\"https:\/\/rangdonghotel.com.vn\/\",\"logo\":{\"@type\":\"ImageObject\",\"inLanguage\":\"en-US\",\"@id\":\"https:\/\/rangdonghotel.com.vn\/#\/schema\/logo\/image\/\",\"url\":\"\",\"contentUrl\":\"\",\"caption\":\"Kh\u00e1ch s\u1ea1n R\u1ea1ng \u0110\u00f4ng\"},\"image\":{\"@id\":\"https:\/\/rangdonghotel.com.vn\/#\/schema\/logo\/image\/\"}}]}<\/script>\n<!-- \/ Yoast SEO plugin. -->","yoast_head_json":{"title":"Restroom | Kh\u00e1ch s\u1ea1n R\u1ea1ng \u0110\u00f4ng","robots":{"index":"index","follow":"follow","max-snippet":"max-snippet:-1","max-image-preview":"max-image-preview:large","max-video-preview":"max-video-preview:-1"},"canonical":"https:\/\/rangdonghotel.com.vn\/en\/restroom\/","og_locale":"en_US","og_type":"article","og_title":"Restroom | Kh\u00e1ch s\u1ea1n R\u1ea1ng \u0110\u00f4ng","og_url":"https:\/\/rangdonghotel.com.vn\/en\/restroom\/","og_site_name":"Kh\u00e1ch s\u1ea1n R\u1ea1ng \u0110\u00f4ng","article_modified_time":"2025-03-09T17:50:11+00:00","twitter_card":"summary_large_image","schema":{"@context":"https:\/\/schema.org","@graph":[{"@type":"WebPage","@id":"https:\/\/rangdonghotel.com.vn\/en\/restroom\/","url":"https:\/\/rangdonghotel.com.vn\/en\/restroom\/","name":"Restroom | Kh\u00e1ch s\u1ea1n R\u1ea1ng \u0110\u00f4ng","isPartOf":{"@id":"https:\/\/rangdonghotel.com.vn\/#website"},"datePublished":"2016-10-30T16:16:53+00:00","dateModified":"2025-03-09T17:50:11+00:00","breadcrumb":{"@id":"https:\/\/rangdonghotel.com.vn\/en\/restroom\/#breadcrumb"},"inLanguage":"en-US","potentialAction":[{"@type":"ReadAction","target":["https:\/\/rangdonghotel.com.vn\/en\/restroom\/"]}]},{"@type":"BreadcrumbList","@id":"https:\/\/rangdonghotel.com.vn\/en\/restroom\/#breadcrumb","itemListElement":[{"@type":"ListItem","position":1,"name":"Trang ch\u1ee7","item":"https:\/\/rangdonghotel.com.vn\/en\/"},{"@type":"ListItem","position":2,"name":"Restroom"}]},{"@type":"WebSite","@id":"https:\/\/rangdonghotel.com.vn\/#website","url":"https:\/\/rangdonghotel.com.vn\/","name":"Kh\u00e1ch s\u1ea1n R\u1ea1ng \u0110\u00f4ng","description":"Kh\u00e1ch s\u1ea1n 3 sao t\u1ea1i Qu\u1eadn 1 - TP.HCM","publisher":{"@id":"https:\/\/rangdonghotel.com.vn\/#organization"},"potentialAction":[{"@type":"SearchAction","target":{"@type":"EntryPoint","urlTemplate":"https:\/\/rangdonghotel.com.vn\/?s={search_term_string}"},"query-input":{"@type":"PropertyValueSpecification","valueRequired":true,"valueName":"search_term_string"}}],"inLanguage":"en-US"},{"@type":"Organization","@id":"https:\/\/rangdonghotel.com.vn\/#organization","name":"Kh\u00e1ch s\u1ea1n R\u1ea1ng \u0110\u00f4ng","url":"https:\/\/rangdonghotel.com.vn\/","logo":{"@type":"ImageObject","inLanguage":"en-US","@id":"https:\/\/rangdonghotel.com.vn\/#\/schema\/logo\/image\/","url":"","contentUrl":"","caption":"Kh\u00e1ch s\u1ea1n R\u1ea1ng \u0110\u00f4ng"},"image":{"@id":"https:\/\/rangdonghotel.com.vn\/#\/schema\/logo\/image\/"}}]}},"_links":{"self":[{"href":"https:\/\/rangdonghotel.com.vn\/en\/wp-json\/wp\/v2\/pages\/707","targetHints":{"allow":["GET"]}}],"collection":[{"href":"https:\/\/rangdonghotel.com.vn\/en\/wp-json\/wp\/v2\/pages"}],"about":[{"href":"https:\/\/rangdonghotel.com.vn\/en\/wp-json\/wp\/v2\/types\/page"}],"author":[{"embeddable":true,"href":"https:\/\/rangdonghotel.com.vn\/en\/wp-json\/wp\/v2\/users\/1"}],"replies":[{"embeddable":true,"href":"https:\/\/rangdonghotel.com.vn\/en\/wp-json\/wp\/v2\/comments?post=707"}],"version-history":[{"count":8,"href":"https:\/\/rangdonghotel.com.vn\/en\/wp-json\/wp\/v2\/pages\/707\/revisions"}],"predecessor-version":[{"id":6020,"href":"https:\/\/rangdonghotel.com.vn\/en\/wp-json\/wp\/v2\/pages\/707\/revisions\/6020"}],"wp:attachment":[{"href":"https:\/\/rangdonghotel.com.vn\/en\/wp-json\/wp\/v2\/media?parent=707"}],"curies":[{"name":"wp","href":"https:\/\/api.w.org\/{rel}","templated":true}]}}