{"id":708,"date":"2016-10-30T23:17:50","date_gmt":"2016-10-30T16:17:50","guid":{"rendered":"https:\/\/rangdonghotel.com.vn\/en\/?page_id=708"},"modified":"2025-03-10T00:38:02","modified_gmt":"2025-03-09T17:38:02","slug":"contact","status":"publish","type":"page","link":"https:\/\/rangdonghotel.com.vn\/en\/contact\/","title":{"rendered":"Contact"},"content":{"rendered":"<div class=\"row align-center\"  id=\"row-467833968\">\n\n\t<div id=\"col-1005203809\" class=\"col small-12 large-12\"  >\n\t\t\t\t<div class=\"col-inner\"  >\n\t\t\t\n\t\t\t\n\t<div id=\"text-2772361530\" class=\"text\">\n\t\t\n<h2>Please leave your information below, we will respond quickly.<\/h2>\n<p>For the better as better and your quarterer better, the client will be satisfied for the comment below, we will tr\u00e2n tr\u1ecdng and rating the google.com of the topic or the questions of the client and will be comment in the early time most possible. Cu\u1ed1i c\u00f9ng, thanks to your customer were an customer, we see all the staff that we are taken the last c\u00e1m \u01a1n your time through the support and provide the hotel.<br \/>\n\t\t\n<style>\n#text-2772361530 {\n  text-align: center;\n}\n<\/style>\n\t<\/div>\n\t\n\t\t<\/div>\n\t\t\t\t\t<\/div>\n\n\t\n\n\t<div id=\"col-365084064\" class=\"col medium-4 small-12 large-4\"  >\n\t\t\t\t<div class=\"col-inner\"  >\n\t\t\t\n\t\t\t\n\n\t\t<div class=\"icon-box featured-box icon-box-left text-left\"  >\n\t\t\t\t\t<div class=\"icon-box-img\" style=\"width: 20px\">\n\t\t\t\t<div class=\"icon\">\n\t\t\t\t\t<div class=\"icon-inner\" >\n\t\t\t\t\t\t<!DOCTYPE svg PUBLIC \"-\/\/W3C\/\/DTD SVG 1.1\/\/EN\" \"http:\/\/www.w3.org\/Graphics\/SVG\/1.1\/DTD\/svg11.dtd\">\n\r<!-- Uploaded to: SVG Repo, www.svgrepo.com, Transformed by: SVG Repo Mixer Tools -->\n<svg height=\"800px\" width=\"800px\" version=\"1.1\" id=\"_x32_\" xmlns=\"http:\/\/www.w3.org\/2000\/svg\" xmlns:xlink=\"http:\/\/www.w3.org\/1999\/xlink\" viewBox=\"0 0 512 512\" xml:space=\"preserve\" fill=\"#000000\">\n\r<g id=\"SVGRepo_bgCarrier\" stroke-width=\"0\"\/>\n\r<g id=\"SVGRepo_tracerCarrier\" stroke-linecap=\"round\" stroke-linejoin=\"round\"\/>\n\r<g id=\"SVGRepo_iconCarrier\"> <style type=\"text\/css\"> .st0{fill:#000000;} <\/style> <g> <polygon class=\"st0\" points=\"434.162,293.382 434.162,493.862 308.321,493.862 308.321,368.583 203.682,368.583 203.682,493.862 77.841,493.862 77.841,293.382 256.002,153.862 \"\/> <polygon class=\"st0\" points=\"0,242.682 256,38.93 512,242.682 482.21,285.764 256,105.722 29.79,285.764 \"\/> <polygon class=\"st0\" points=\"439.853,18.138 439.853,148.538 376.573,98.138 376.573,18.138 \"\/> <\/g> <\/g>\n\r<\/svg>\t\t\t\t\t<\/div>\n\t\t\t\t<\/div>\n\t\t\t<\/div>\n\t\t\t\t<div class=\"icon-box-text last-reset\">\n\t\t\t\t\t\t\t\t\t\n\t<div id=\"text-2658113226\" class=\"text\">\n\t\t\n<h4>No. 81 \u2013 83 Cach Mang Thang Tam Street, Ben Thanh Ward, District 1, HCMC<\/h4>\n\t\t\n<style>\n#text-2658113226 {\n  font-size: 0.85rem;\n  color: rgb(0,0,0);\n}\n#text-2658113226 > * {\n  color: rgb(0,0,0);\n}\n<\/style>\n\t<\/div>\n\t\n\t\t<\/div>\n\t<\/div>\n\t\n\t\n\t\t<\/div>\n\t\t\t\t\t<\/div>\n\n\t\n\n\t<div id=\"col-1438012065\" class=\"col medium-4 small-12 large-4\"  >\n\t\t\t\t<div class=\"col-inner\"  >\n\t\t\t\n\t\t\t\n\n\t\t<div class=\"icon-box featured-box icon-box-left text-left\"  >\n\t\t\t\t\t<div class=\"icon-box-img\" style=\"width: 20px\">\n\t\t\t\t<div class=\"icon\">\n\t\t\t\t\t<div class=\"icon-inner\" >\n\t\t\t\t\t\t<?xml version=\"1.0\" encoding=\"utf-8\"?><!-- Uploaded to: SVG Repo, www.svgrepo.com, Generator: SVG Repo Mixer Tools -->\r\n<svg width=\"800px\" height=\"800px\" viewBox=\"0 0 24 24\" fill=\"none\" xmlns=\"http:\/\/www.w3.org\/2000\/svg\">\r\n<rect width=\"24\" height=\"24\" fill=\"white\"\/>\r\n<path fill-rule=\"evenodd\" clip-rule=\"evenodd\" d=\"M5.96802 4H18.032C18.4706 3.99999 18.8491 3.99998 19.1624 4.02135C19.4922 4.04386 19.8221 4.09336 20.1481 4.22836C20.8831 4.53284 21.4672 5.11687 21.7716 5.85195C21.9066 6.17788 21.9561 6.50779 21.9787 6.83762C22 7.15088 22 7.52936 22 7.96801V16.032C22 16.4706 22 16.8491 21.9787 17.1624C21.9561 17.4922 21.9066 17.8221 21.7716 18.1481C21.4672 18.8831 20.8831 19.4672 20.1481 19.7716C19.8221 19.9066 19.4922 19.9561 19.1624 19.9787C18.8491 20 18.4706 20 18.032 20H5.96801C5.52936 20 5.15088 20 4.83762 19.9787C4.50779 19.9561 4.17788 19.9066 3.85195 19.7716C3.11687 19.4672 2.53284 18.8831 2.22836 18.1481C2.09336 17.8221 2.04386 17.4922 2.02135 17.1624C1.99998 16.8491 1.99999 16.4706 2 16.032V7.96802C1.99999 7.52937 1.99998 7.15088 2.02135 6.83762C2.04386 6.50779 2.09336 6.17788 2.22836 5.85195C2.53284 5.11687 3.11687 4.53284 3.85195 4.22836C4.17788 4.09336 4.50779 4.04386 4.83762 4.02135C5.15088 3.99998 5.52937 3.99999 5.96802 4ZM4.31745 6.27777C4.68114 5.86214 5.3129 5.82002 5.72854 6.1837L11.3415 11.095C11.7185 11.4249 12.2815 11.4249 12.6585 11.095L18.2715 6.1837C18.6871 5.82002 19.3189 5.86214 19.6825 6.27777C20.0462 6.69341 20.0041 7.32517 19.5885 7.68885L13.9755 12.6002C12.8444 13.5899 11.1556 13.5899 10.0245 12.6002L4.41153 7.68885C3.99589 7.32517 3.95377 6.69341 4.31745 6.27777Z\" fill=\"#323232\"\/>\r\n<\/svg>\t\t\t\t\t<\/div>\n\t\t\t\t<\/div>\n\t\t\t<\/div>\n\t\t\t\t<div class=\"icon-box-text last-reset\">\n\t\t\t\t\t\t\t\t\t\n\t<div id=\"text-1290108881\" class=\"text\">\n\t\t\n<h4>info@rangdonghotel.com.vn<\/h4>\n\t\t\n<style>\n#text-1290108881 {\n  font-size: 0.85rem;\n  color: rgb(0,0,0);\n}\n#text-1290108881 > * {\n  color: rgb(0,0,0);\n}\n<\/style>\n\t<\/div>\n\t\n\t\t<\/div>\n\t<\/div>\n\t\n\t\n\t\t<\/div>\n\t\t\t\t\t<\/div>\n\n\t\n\n\t<div id=\"col-1071797491\" class=\"col medium-4 small-12 large-4\"  >\n\t\t\t\t<div class=\"col-inner\"  >\n\t\t\t\n\t\t\t\n\n\t\t<div class=\"icon-box featured-box icon-box-left text-left\"  >\n\t\t\t\t\t<div class=\"icon-box-img\" style=\"width: 20px\">\n\t\t\t\t<div class=\"icon\">\n\t\t\t\t\t<div class=\"icon-inner\" >\n\t\t\t\t\t\t<?xml version=\"1.0\" encoding=\"utf-8\"?><!-- Uploaded to: SVG Repo, www.svgrepo.com, Generator: SVG Repo Mixer Tools -->\r\n<svg width=\"800px\" height=\"800px\" viewBox=\"0 0 24 24\" fill=\"none\" xmlns=\"http:\/\/www.w3.org\/2000\/svg\">\r\n<path d=\"M2.00589 4.54166C1.905 3.11236 3.11531 2 4.54522 2H7.60606C8.34006 2 9.00207 2.44226 9.28438 3.1212L10.5643 6.19946C10.8761 6.94932 10.6548 7.81544 10.0218 8.32292L9.22394 8.96254C8.86788 9.24798 8.74683 9.74018 8.95794 10.1448C10.0429 12.2241 11.6464 13.9888 13.5964 15.2667C14.008 15.5364 14.5517 15.4291 14.8588 15.0445L15.6902 14.003C16.1966 13.3687 17.0609 13.147 17.8092 13.4594L20.8811 14.742C21.5587 15.0249 22 15.6883 22 16.4238V19.5C22 20.9329 20.8489 22.0955 19.4226 21.9941C10.3021 21.3452 2.65247 13.7017 2.00589 4.54166Z\" fill=\"#000000\"\/>\r\n<\/svg>\t\t\t\t\t<\/div>\n\t\t\t\t<\/div>\n\t\t\t<\/div>\n\t\t\t\t<div class=\"icon-box-text last-reset\">\n\t\t\t\t\t\t\t\t\t\n\t<div id=\"text-2854237567\" class=\"text\">\n\t\t\n<h4>(+84-28) 3839 8264<\/h4>\n\t\t\n<style>\n#text-2854237567 {\n  font-size: 0.85rem;\n  color: rgb(0,0,0);\n}\n#text-2854237567 > * {\n  color: rgb(0,0,0);\n}\n<\/style>\n\t<\/div>\n\t\n\t\t<\/div>\n\t<\/div>\n\t\n\t\n\t\t<\/div>\n\t\t\t\t\t<\/div>\n\n\t\n<\/div>\n<div class=\"row\"  id=\"row-218000271\">\n\n\t<div id=\"col-370708966\" class=\"col medium-6 small-12 large-6\"  >\n\t\t\t\t<div class=\"col-inner\"  >\n\t\t\t\n\t\t\t\n\n<div class=\"wpcf7 no-js\" id=\"wpcf7-f137-o1\" lang=\"vi\" dir=\"ltr\" data-wpcf7-id=\"137\">\n<div class=\"screen-reader-response\"><p role=\"status\" aria-live=\"polite\" aria-atomic=\"true\"><\/p> <ul><\/ul><\/div>\n<form action=\"\/en\/wp-json\/wp\/v2\/pages\/708#wpcf7-f137-o1\" method=\"post\" class=\"wpcf7-form init\" aria-label=\"Form li\u00ean h\u1ec7\" novalidate=\"novalidate\" data-status=\"init\">\n<fieldset class=\"hidden-fields-container\"><input type=\"hidden\" name=\"_wpcf7\" value=\"137\" \/><input type=\"hidden\" name=\"_wpcf7_version\" value=\"6.1.2\" \/><input type=\"hidden\" name=\"_wpcf7_locale\" value=\"vi\" \/><input type=\"hidden\" name=\"_wpcf7_unit_tag\" value=\"wpcf7-f137-o1\" \/><input type=\"hidden\" name=\"_wpcf7_container_post\" value=\"0\" \/><input type=\"hidden\" name=\"_wpcf7_posted_data_hash\" value=\"\" \/>\n<\/fieldset>\n<span class=\"wpcf7-form-control-wrap\" data-name=\"your-name\"><input size=\"40\" maxlength=\"400\" class=\"wpcf7-form-control wpcf7-text wpcf7-validates-as-required\" aria-required=\"true\" aria-invalid=\"false\" placeholder=\"H\u1ecd T\u00ean *\" value=\"\" type=\"text\" name=\"your-name\" \/><\/span> \n    <span class=\"wpcf7-form-control-wrap\" data-name=\"your-email\"><input size=\"40\" maxlength=\"400\" class=\"wpcf7-form-control wpcf7-email wpcf7-validates-as-required wpcf7-text wpcf7-validates-as-email\" aria-required=\"true\" aria-invalid=\"false\" placeholder=\"Email *\" value=\"\" type=\"email\" name=\"your-email\" \/><\/span>\n    <span class=\"wpcf7-form-control-wrap\" data-name=\"your-subject\"><input size=\"40\" maxlength=\"400\" class=\"wpcf7-form-control wpcf7-text wpcf7-validates-as-required\" aria-required=\"true\" aria-invalid=\"false\" placeholder=\"Ti\u00eau \u0111\u1ec1 *\" value=\"\" type=\"text\" name=\"your-subject\" \/><\/span> \n    <span class=\"wpcf7-form-control-wrap\" data-name=\"your-message\"><textarea cols=\"40\" rows=\"10\" maxlength=\"2000\" class=\"wpcf7-form-control wpcf7-textarea\" aria-invalid=\"false\" placeholder=\"N\u1ed9i dung\" name=\"your-message\"><\/textarea><\/span> <input class=\"wpcf7-form-control wpcf7-submit has-spinner\" type=\"submit\" value=\"G\u1eedi\" \/><div class=\"wpcf7-response-output\" aria-hidden=\"true\"><\/div>\n<\/form>\n<\/div>\n\n\t\t<\/div>\n\t\t\t\t\t<\/div>\n\n\t\n\n\t<div id=\"col-1595380620\" class=\"col medium-6 small-12 large-6\"  >\n\t\t\t\t<div class=\"col-inner\"  >\n\t\t\t\n\t\t\t\n\n<p><iframe loading=\"lazy\" style=\"border: 0;\" src=\"https:\/\/www.google.com\/maps\/embed?pb=!1m14!1m8!1m3!1d7839.023497305963!2d106.691954!3d10.772062000000002!3m2!1i1024!2i768!4f13.1!3m3!1m2!1s0x31752f3c68ff467b%3A0xd70ef21ec10c23b5!2zS2jDoWNoIHPhuqFuIFLhuqFuZyDEkMO0bmc!5e0!3m2!1svi!2sus!4v1741494615354!5m2!1svi!2sus\" width=\"600\" height=\"450\" allowfullscreen=\"allowfullscreen\" data-mce-fragment=\"1\"><\/iframe><br \/>\n\n\t\t<\/div>\n\t\t\t\t\t<\/div>\n\n\t\n<\/div>\n","protected":false},"excerpt":{"rendered":"","protected":false},"author":1,"featured_media":0,"parent":0,"menu_order":0,"comment_status":"closed","ping_status":"closed","template":"","meta":{"footnotes":""},"class_list":["post-708","page","type-page","status-publish","hentry"],"yoast_head":"<!-- This site is optimized with the Yoast SEO plugin v26.0 - https:\/\/yoast.com\/wordpress\/plugins\/seo\/ -->\n<title>Contact | Kh\u00e1ch s\u1ea1n R\u1ea1ng \u0110\u00f4ng<\/title>\n<meta name=\"robots\" content=\"index, follow, max-snippet:-1, max-image-preview:large, max-video-preview:-1\" \/>\n<link rel=\"canonical\" href=\"https:\/\/rangdonghotel.com.vn\/en\/contact\/\" \/>\n<meta property=\"og:locale\" content=\"en_US\" \/>\n<meta property=\"og:type\" content=\"article\" \/>\n<meta property=\"og:title\" content=\"Contact | Kh\u00e1ch s\u1ea1n R\u1ea1ng \u0110\u00f4ng\" \/>\n<meta property=\"og:url\" content=\"https:\/\/rangdonghotel.com.vn\/en\/contact\/\" \/>\n<meta property=\"og:site_name\" content=\"Kh\u00e1ch s\u1ea1n R\u1ea1ng \u0110\u00f4ng\" \/>\n<meta property=\"article:modified_time\" content=\"2025-03-09T17:38:02+00:00\" \/>\n<meta name=\"twitter:card\" content=\"summary_large_image\" \/>\n<meta name=\"twitter:label1\" content=\"Est. reading time\" \/>\n\t<meta name=\"twitter:data1\" content=\"1 minute\" \/>\n<script type=\"application\/ld+json\" class=\"yoast-schema-graph\">{\"@context\":\"https:\/\/schema.org\",\"@graph\":[{\"@type\":\"WebPage\",\"@id\":\"https:\/\/rangdonghotel.com.vn\/en\/contact\/\",\"url\":\"https:\/\/rangdonghotel.com.vn\/en\/contact\/\",\"name\":\"Contact | Kh\u00e1ch s\u1ea1n R\u1ea1ng \u0110\u00f4ng\",\"isPartOf\":{\"@id\":\"https:\/\/rangdonghotel.com.vn\/#website\"},\"datePublished\":\"2016-10-30T16:17:50+00:00\",\"dateModified\":\"2025-03-09T17:38:02+00:00\",\"breadcrumb\":{\"@id\":\"https:\/\/rangdonghotel.com.vn\/en\/contact\/#breadcrumb\"},\"inLanguage\":\"en-US\",\"potentialAction\":[{\"@type\":\"ReadAction\",\"target\":[\"https:\/\/rangdonghotel.com.vn\/en\/contact\/\"]}]},{\"@type\":\"BreadcrumbList\",\"@id\":\"https:\/\/rangdonghotel.com.vn\/en\/contact\/#breadcrumb\",\"itemListElement\":[{\"@type\":\"ListItem\",\"position\":1,\"name\":\"Trang ch\u1ee7\",\"item\":\"https:\/\/rangdonghotel.com.vn\/en\/\"},{\"@type\":\"ListItem\",\"position\":2,\"name\":\"Contact\"}]},{\"@type\":\"WebSite\",\"@id\":\"https:\/\/rangdonghotel.com.vn\/#website\",\"url\":\"https:\/\/rangdonghotel.com.vn\/\",\"name\":\"Kh\u00e1ch s\u1ea1n R\u1ea1ng \u0110\u00f4ng\",\"description\":\"Kh\u00e1ch s\u1ea1n 3 sao t\u1ea1i Qu\u1eadn 1 - TP.HCM\",\"publisher\":{\"@id\":\"https:\/\/rangdonghotel.com.vn\/#organization\"},\"potentialAction\":[{\"@type\":\"SearchAction\",\"target\":{\"@type\":\"EntryPoint\",\"urlTemplate\":\"https:\/\/rangdonghotel.com.vn\/?s={search_term_string}\"},\"query-input\":{\"@type\":\"PropertyValueSpecification\",\"valueRequired\":true,\"valueName\":\"search_term_string\"}}],\"inLanguage\":\"en-US\"},{\"@type\":\"Organization\",\"@id\":\"https:\/\/rangdonghotel.com.vn\/#organization\",\"name\":\"Kh\u00e1ch s\u1ea1n R\u1ea1ng \u0110\u00f4ng\",\"url\":\"https:\/\/rangdonghotel.com.vn\/\",\"logo\":{\"@type\":\"ImageObject\",\"inLanguage\":\"en-US\",\"@id\":\"https:\/\/rangdonghotel.com.vn\/#\/schema\/logo\/image\/\",\"url\":\"\",\"contentUrl\":\"\",\"caption\":\"Kh\u00e1ch s\u1ea1n R\u1ea1ng \u0110\u00f4ng\"},\"image\":{\"@id\":\"https:\/\/rangdonghotel.com.vn\/#\/schema\/logo\/image\/\"}}]}<\/script>\n<!-- \/ Yoast SEO plugin. -->","yoast_head_json":{"title":"Contact | Kh\u00e1ch s\u1ea1n R\u1ea1ng \u0110\u00f4ng","robots":{"index":"index","follow":"follow","max-snippet":"max-snippet:-1","max-image-preview":"max-image-preview:large","max-video-preview":"max-video-preview:-1"},"canonical":"https:\/\/rangdonghotel.com.vn\/en\/contact\/","og_locale":"en_US","og_type":"article","og_title":"Contact | Kh\u00e1ch s\u1ea1n R\u1ea1ng \u0110\u00f4ng","og_url":"https:\/\/rangdonghotel.com.vn\/en\/contact\/","og_site_name":"Kh\u00e1ch s\u1ea1n R\u1ea1ng \u0110\u00f4ng","article_modified_time":"2025-03-09T17:38:02+00:00","twitter_card":"summary_large_image","twitter_misc":{"Est. reading time":"1 minute"},"schema":{"@context":"https:\/\/schema.org","@graph":[{"@type":"WebPage","@id":"https:\/\/rangdonghotel.com.vn\/en\/contact\/","url":"https:\/\/rangdonghotel.com.vn\/en\/contact\/","name":"Contact | Kh\u00e1ch s\u1ea1n R\u1ea1ng \u0110\u00f4ng","isPartOf":{"@id":"https:\/\/rangdonghotel.com.vn\/#website"},"datePublished":"2016-10-30T16:17:50+00:00","dateModified":"2025-03-09T17:38:02+00:00","breadcrumb":{"@id":"https:\/\/rangdonghotel.com.vn\/en\/contact\/#breadcrumb"},"inLanguage":"en-US","potentialAction":[{"@type":"ReadAction","target":["https:\/\/rangdonghotel.com.vn\/en\/contact\/"]}]},{"@type":"BreadcrumbList","@id":"https:\/\/rangdonghotel.com.vn\/en\/contact\/#breadcrumb","itemListElement":[{"@type":"ListItem","position":1,"name":"Trang ch\u1ee7","item":"https:\/\/rangdonghotel.com.vn\/en\/"},{"@type":"ListItem","position":2,"name":"Contact"}]},{"@type":"WebSite","@id":"https:\/\/rangdonghotel.com.vn\/#website","url":"https:\/\/rangdonghotel.com.vn\/","name":"Kh\u00e1ch s\u1ea1n R\u1ea1ng \u0110\u00f4ng","description":"Kh\u00e1ch s\u1ea1n 3 sao t\u1ea1i Qu\u1eadn 1 - TP.HCM","publisher":{"@id":"https:\/\/rangdonghotel.com.vn\/#organization"},"potentialAction":[{"@type":"SearchAction","target":{"@type":"EntryPoint","urlTemplate":"https:\/\/rangdonghotel.com.vn\/?s={search_term_string}"},"query-input":{"@type":"PropertyValueSpecification","valueRequired":true,"valueName":"search_term_string"}}],"inLanguage":"en-US"},{"@type":"Organization","@id":"https:\/\/rangdonghotel.com.vn\/#organization","name":"Kh\u00e1ch s\u1ea1n R\u1ea1ng \u0110\u00f4ng","url":"https:\/\/rangdonghotel.com.vn\/","logo":{"@type":"ImageObject","inLanguage":"en-US","@id":"https:\/\/rangdonghotel.com.vn\/#\/schema\/logo\/image\/","url":"","contentUrl":"","caption":"Kh\u00e1ch s\u1ea1n R\u1ea1ng \u0110\u00f4ng"},"image":{"@id":"https:\/\/rangdonghotel.com.vn\/#\/schema\/logo\/image\/"}}]}},"_links":{"self":[{"href":"https:\/\/rangdonghotel.com.vn\/en\/wp-json\/wp\/v2\/pages\/708","targetHints":{"allow":["GET"]}}],"collection":[{"href":"https:\/\/rangdonghotel.com.vn\/en\/wp-json\/wp\/v2\/pages"}],"about":[{"href":"https:\/\/rangdonghotel.com.vn\/en\/wp-json\/wp\/v2\/types\/page"}],"author":[{"embeddable":true,"href":"https:\/\/rangdonghotel.com.vn\/en\/wp-json\/wp\/v2\/users\/1"}],"replies":[{"embeddable":true,"href":"https:\/\/rangdonghotel.com.vn\/en\/wp-json\/wp\/v2\/comments?post=708"}],"version-history":[{"count":6,"href":"https:\/\/rangdonghotel.com.vn\/en\/wp-json\/wp\/v2\/pages\/708\/revisions"}],"predecessor-version":[{"id":6010,"href":"https:\/\/rangdonghotel.com.vn\/en\/wp-json\/wp\/v2\/pages\/708\/revisions\/6010"}],"wp:attachment":[{"href":"https:\/\/rangdonghotel.com.vn\/en\/wp-json\/wp\/v2\/media?parent=708"}],"curies":[{"name":"wp","href":"https:\/\/api.w.org\/{rel}","templated":true}]}}